{"id":3,"date":"2009-08-14T16:44:28","date_gmt":"2009-08-14T15:44:28","guid":{"rendered":"http:\/\/www.selmapicado.com\/wp\/?page_id=3"},"modified":"2026-02-11T13:13:13","modified_gmt":"2026-02-11T12:13:13","slug":"sobre-mim","status":"publish","type":"page","link":"https:\/\/selmapicado.com\/wp\/?page_id=3","title":{"rendered":"Sobre Mim"},"content":{"rendered":"<p><strong>Artes &amp; Artistas<\/strong><\/p>\n<p>O mundo da arte tem alguns criterions engra\u00e7ados&#8230;<\/p>\n<p style=\"text-align: justify;\">O que para uns \u00e9 arte, para outros \u00e9 um mundo desconhecido. O que para uns \u00e9 estranho, para outros \u00e9 uma forma de vida.<\/p>\n<p style=\"text-align: justify;\">Foi a pensar nisto que resolvi por a p\u00fablico o que sobre isto eu penso. Mostrar o que para mim \u00e9 arte, e divulgar quem para mim s\u00e3o alguns dos artistas que colaboram nestas artes que pretendo ir mostrando.<\/p>\n<p style=\"text-align: justify;\">Convido-vos a embarcar comigo nesta pequena viagem, e a darem as vossas opini\u00f5es sobre os artigos deste blog, a participar ativamente e a ajudarem \u00e0 evolu\u00e7\u00e3o deste espa\u00e7o.<\/p>\n<p style=\"text-align: center;\">Obrigada e at\u00e9 j\u00e1&#8230;<br \/>\nSelma Picado<\/p>\n<p style=\"text-align: center;\">\u00a0<!-- Facebook Badge START --><a style=\"font-family: 'lucida grande',tahoma,verdana,arial,sans-serif; font-size: 11px; font-variant: normal; font-style: normal; font-weight: normal; color: #3b5998; text-decoration: none;\" title=\"Selma Picado\" href=\"http:\/\/pt-pt.facebook.com\/people\/Selma-Picado\/100000680042313\" target=\"_TOP\" rel=\"noopener noreferrer\">Selma Picado<\/a><br \/>\n<a title=\"Selma Picado\" href=\"http:\/\/pt-pt.facebook.com\/people\/Selma-Picado\/100000680042313\" target=\"_TOP\" rel=\"noopener noreferrer\"><img loading=\"lazy\" decoding=\"async\" style=\"border: 0px;\" src=\"http:\/\/badge.facebook.com\/badge\/100000680042313.812.1361413809.png\" width=\"120\" height=\"210\" \/><\/a><br \/>\n<a style=\"font-family: 'lucida grande',tahoma,verdana,arial,sans-serif; font-size: 11px; font-variant: normal; font-style: normal; font-weight: normal; color: #3b5998; text-decoration: none;\" title=\"Cria o teu pr\u00f3prio cart\u00e3o de visita!\" href=\"http:\/\/pt-pt.facebook.com\/facebook-widgets\/\" target=\"_TOP\" rel=\"noopener noreferrer\">Cria o teu cart\u00e3o de visita<\/a><!-- Facebook Badge END --><\/p>\n","protected":false},"excerpt":{"rendered":"<p>Artes &amp; Artistas O mundo da arte tem alguns criterions engra\u00e7ados&#8230; O que para uns \u00e9 arte, para outros \u00e9&hellip;<\/p>\n","protected":false},"author":1,"featured_media":836,"parent":0,"menu_order":0,"comment_status":"open","ping_status":"open","template":"","meta":{"footnotes":""},"class_list":["post-3","page","type-page","status-publish","has-post-thumbnail","hentry"],"_links":{"self":[{"href":"https:\/\/selmapicado.com\/wp\/index.php?rest_route=\/wp\/v2\/pages\/3","targetHints":{"allow":["GET"]}}],"collection":[{"href":"https:\/\/selmapicado.com\/wp\/index.php?rest_route=\/wp\/v2\/pages"}],"about":[{"href":"https:\/\/selmapicado.com\/wp\/index.php?rest_route=\/wp\/v2\/types\/page"}],"author":[{"embeddable":true,"href":"https:\/\/selmapicado.com\/wp\/index.php?rest_route=\/wp\/v2\/users\/1"}],"replies":[{"embeddable":true,"href":"https:\/\/selmapicado.com\/wp\/index.php?rest_route=%2Fwp%2Fv2%2Fcomments&post=3"}],"version-history":[{"count":4,"href":"https:\/\/selmapicado.com\/wp\/index.php?rest_route=\/wp\/v2\/pages\/3\/revisions"}],"predecessor-version":[{"id":856,"href":"https:\/\/selmapicado.com\/wp\/index.php?rest_route=\/wp\/v2\/pages\/3\/revisions\/856"}],"wp:featuredmedia":[{"embeddable":true,"href":"https:\/\/selmapicado.com\/wp\/index.php?rest_route=\/wp\/v2\/media\/836"}],"wp:attachment":[{"href":"https:\/\/selmapicado.com\/wp\/index.php?rest_route=%2Fwp%2Fv2%2Fmedia&parent=3"}],"curies":[{"name":"wp","href":"https:\/\/api.w.org\/{rel}","templated":true}]}}